{"id":26,"date":"2023-11-28T22:40:20","date_gmt":"2023-11-28T20:40:20","guid":{"rendered":"https:\/\/cabinetdiabetlugoj.ro\/?page_id=26"},"modified":"2025-10-20T15:24:35","modified_gmt":"2025-10-20T13:24:35","slug":"proceduri","status":"publish","type":"page","link":"https:\/\/cabinetdiabetlugoj.ro\/?page_id=26","title":{"rendered":"Proceduri"},"content":{"rendered":"\n<div class=\"wp-block-group\"><div class=\"wp-block-group__inner-container is-layout-constrained wp-block-group-is-layout-constrained\">\n<div class=\"wp-block-group is-vertical is-layout-flex wp-container-core-group-is-layout-0abfb586 wp-block-group-is-layout-flex\">\n<div class=\"wp-block-group is-vertical is-content-justification-stretch is-layout-flex wp-container-core-group-is-layout-d9786264 wp-block-group-is-layout-flex\">\n<div class=\"wp-block-columns is-layout-flex wp-container-core-columns-is-layout-9d6595d7 wp-block-columns-is-layout-flex\">\n<div class=\"wp-block-column is-layout-flow wp-block-column-is-layout-flow\" style=\"flex-basis:100%\">\n<p style=\"font-size:18px\">&#8211; recoltarea glicemiei din sangele capilar;<br>&#8211; m\u0103surarea tensiunii arteriale;<br>&#8211; determinarea indicilor antropometrici (m\u0103surarea greut\u0103\u021bii, \u00een\u0103l\u021bimii, circumferin\u021bei abdominale, determinarea indicelui de mas\u0103 corporal\u0103);<br>&#8211; efectuarea testelor de sensibilitate- pentru screening-ul si dignosticul neuropatie diabetice;<br>&#8211; efectuarea indicelui glezn\u0103-bra\u021b- pentru evaluarea arteriopatiei cronice obliterante.<\/p>\n<\/div>\n<\/div>\n\n\n\n<p>-In cabinetul medical se efectueaz\u0103 HEMOGLOBINA GLICATA din s\u00e2ngele capilar, cu rezultat \u00een 5 minute<\/p>\n<\/div>\n<\/div>\n<\/div><\/div>\n\n\n\n<figure class=\"wp-block-image size-full is-style-rounded\"><img loading=\"lazy\" decoding=\"async\" width=\"1536\" height=\"2048\" src=\"https:\/\/cabinetdiabetlugoj.ro\/wp-content\/uploads\/2023\/11\/WhatsApp-Image-2023-11-14-at-20.12.12_b2d4befb.jpg\" alt=\"\" class=\"wp-image-59\" style=\"aspect-ratio:4\/3;object-fit:cover\" srcset=\"https:\/\/cabinetdiabetlugoj.ro\/wp-content\/uploads\/2023\/11\/WhatsApp-Image-2023-11-14-at-20.12.12_b2d4befb.jpg 1536w, https:\/\/cabinetdiabetlugoj.ro\/wp-content\/uploads\/2023\/11\/WhatsApp-Image-2023-11-14-at-20.12.12_b2d4befb-225x300.jpg 225w, https:\/\/cabinetdiabetlugoj.ro\/wp-content\/uploads\/2023\/11\/WhatsApp-Image-2023-11-14-at-20.12.12_b2d4befb-768x1024.jpg 768w, https:\/\/cabinetdiabetlugoj.ro\/wp-content\/uploads\/2023\/11\/WhatsApp-Image-2023-11-14-at-20.12.12_b2d4befb-1152x1536.jpg 1152w\" sizes=\"auto, (max-width: 1536px) 100vw, 1536px\" \/><\/figure>\n","protected":false},"excerpt":{"rendered":"<p>&#8211; recoltarea glicemiei din sangele capilar;&#8211; m\u0103surarea tensiunii arteriale;&#8211; determinarea indicilor antropometrici (m\u0103surarea greut\u0103\u021bii, \u00een\u0103l\u021bimii, circumferin\u021bei abdominale, determinarea indicelui de mas\u0103 corporal\u0103);&#8211; efectuarea testelor de sensibilitate- pentru screening-ul si dignosticul neuropatie diabetice;&#8211; efectuarea indicelui glezn\u0103-bra\u021b- pentru evaluarea arteriopatiei cronice obliterante. &hellip; <a href=\"https:\/\/cabinetdiabetlugoj.ro\/?page_id=26\">Continue reading <span class=\"meta-nav\">&rarr;<\/span><\/a><\/p>\n","protected":false},"author":1,"featured_media":0,"parent":0,"menu_order":0,"comment_status":"closed","ping_status":"closed","template":"","meta":{"footnotes":""},"class_list":["post-26","page","type-page","status-publish","hentry"],"_links":{"self":[{"href":"https:\/\/cabinetdiabetlugoj.ro\/index.php?rest_route=\/wp\/v2\/pages\/26","targetHints":{"allow":["GET"]}}],"collection":[{"href":"https:\/\/cabinetdiabetlugoj.ro\/index.php?rest_route=\/wp\/v2\/pages"}],"about":[{"href":"https:\/\/cabinetdiabetlugoj.ro\/index.php?rest_route=\/wp\/v2\/types\/page"}],"author":[{"embeddable":true,"href":"https:\/\/cabinetdiabetlugoj.ro\/index.php?rest_route=\/wp\/v2\/users\/1"}],"replies":[{"embeddable":true,"href":"https:\/\/cabinetdiabetlugoj.ro\/index.php?rest_route=%2Fwp%2Fv2%2Fcomments&post=26"}],"version-history":[{"count":5,"href":"https:\/\/cabinetdiabetlugoj.ro\/index.php?rest_route=\/wp\/v2\/pages\/26\/revisions"}],"predecessor-version":[{"id":80,"href":"https:\/\/cabinetdiabetlugoj.ro\/index.php?rest_route=\/wp\/v2\/pages\/26\/revisions\/80"}],"wp:attachment":[{"href":"https:\/\/cabinetdiabetlugoj.ro\/index.php?rest_route=%2Fwp%2Fv2%2Fmedia&parent=26"}],"curies":[{"name":"wp","href":"https:\/\/api.w.org\/{rel}","templated":true}]}}