{"id":30,"date":"2023-11-28T22:41:57","date_gmt":"2023-11-28T20:41:57","guid":{"rendered":"https:\/\/cabinetdiabetlugoj.ro\/?page_id=30"},"modified":"2025-10-20T15:35:50","modified_gmt":"2025-10-20T13:35:50","slug":"contact","status":"publish","type":"page","link":"https:\/\/cabinetdiabetlugoj.ro\/?page_id=30","title":{"rendered":"Contact"},"content":{"rendered":"\n<p>Contact<\/p>\n\n\n\n<p><a href=\"https:\/\/www.facebook.com\/profile.php?id=100092550443307\">https:\/\/www.facebook.com\/profile.php?id=100092550443307<\/a><\/p>\n\n\n\n<p>LUGOJ, STR. OLTULUI, NR. 3<br>&nbsp;\ud83d\udcdeProgram\u0103ri: <strong>0771313826<\/strong><\/p>\n\n\n\n<p>Mail : dr.paduraru.ramona@gmail.com &nbsp;&nbsp;&nbsp;&nbsp;&nbsp; <\/p>\n\n\n\n<p>Pentru program\u0103ri,&nbsp;\u00eentreb\u0103ri sau alte probleme legate de tratamentul curent bolnavii se pot adresa telefonic \u0219i \u00een afara orarului.<br><br><\/p>\n\n\n\n<p>Important<\/p>\n\n\n\n<p>\u00b7&nbsp; biletul de trimitere de la medicul de familie sau de la medicul specialist (cu contract la Casa de Asigur\u0103ri),&nbsp;<em>numai&nbsp;<\/em>prima dat\u0103, la luarea \u00een eviden\u021b\u0103,<\/p>\n\n\n\n<p>\u00b7&nbsp; cardul de s\u0103n\u0103tate, <\/p>\n\n\n\n<p>\u00b7&nbsp; dovada de asigurat, coasigurat sau cuponul de pensie.<br><\/p>\n\n\n\n<iframe src=\"https:\/\/www.google.com\/maps\/embed?pb=!1m14!1m8!1m3!1d1393.7218853973686!2d21.900348251758682!3d45.68206562215788!3m2!1i1024!2i768!4f13.1!3m3!1m2!1s0x474fbf61e6d468ab%3A0x2f62446e3cea2e54!2sCabinet%20Diabet%20si%20Nutri%C8%9Bie%20Dr.Paduraru%20Ramona!5e0!3m2!1sen!2sro!4v1700413892064!5m2!1sen!2sro\" width=\"600\" height=\"300\" style=\"border:0;\" allowfullscreen=\"\" loading=\"lazy\" referrerpolicy=\"no-referrer-when-downgrade\"><\/iframe>\n\n\n<div class=\"wp-block-image is-style-rounded\">\n<figure class=\"alignright size-large\"><img loading=\"lazy\" decoding=\"async\" width=\"768\" height=\"1024\" src=\"https:\/\/cabinetdiabetlugoj.ro\/wp-content\/uploads\/2023\/11\/WhatsApp-Image-2023-11-14-at-20.09.24_da74fe26-768x1024.jpg\" alt=\"\" class=\"wp-image-56\" style=\"aspect-ratio:1.7777777777777777;object-fit:cover\" srcset=\"https:\/\/cabinetdiabetlugoj.ro\/wp-content\/uploads\/2023\/11\/WhatsApp-Image-2023-11-14-at-20.09.24_da74fe26-768x1024.jpg 768w, https:\/\/cabinetdiabetlugoj.ro\/wp-content\/uploads\/2023\/11\/WhatsApp-Image-2023-11-14-at-20.09.24_da74fe26-225x300.jpg 225w, https:\/\/cabinetdiabetlugoj.ro\/wp-content\/uploads\/2023\/11\/WhatsApp-Image-2023-11-14-at-20.09.24_da74fe26-1152x1536.jpg 1152w, https:\/\/cabinetdiabetlugoj.ro\/wp-content\/uploads\/2023\/11\/WhatsApp-Image-2023-11-14-at-20.09.24_da74fe26-1536x2048.jpg 1536w, https:\/\/cabinetdiabetlugoj.ro\/wp-content\/uploads\/2023\/11\/WhatsApp-Image-2023-11-14-at-20.09.24_da74fe26-scaled.jpg 1920w\" sizes=\"auto, (max-width: 768px) 100vw, 768px\" \/><\/figure>\n<\/div>","protected":false},"excerpt":{"rendered":"<p>Contact https:\/\/www.facebook.com\/profile.php?id=100092550443307 LUGOJ, STR. OLTULUI, NR. 3&nbsp;\ud83d\udcdeProgram\u0103ri: 0771313826 Mail : dr.paduraru.ramona@gmail.com &nbsp;&nbsp;&nbsp;&nbsp;&nbsp; Pentru program\u0103ri,&nbsp;\u00eentreb\u0103ri sau alte probleme legate de tratamentul curent bolnavii se pot adresa telefonic \u0219i \u00een afara orarului. Important \u00b7&nbsp; biletul de trimitere de la medicul de familie &hellip; <a href=\"https:\/\/cabinetdiabetlugoj.ro\/?page_id=30\">Continue reading <span class=\"meta-nav\">&rarr;<\/span><\/a><\/p>\n","protected":false},"author":1,"featured_media":0,"parent":0,"menu_order":0,"comment_status":"closed","ping_status":"closed","template":"","meta":{"footnotes":""},"class_list":["post-30","page","type-page","status-publish","hentry"],"_links":{"self":[{"href":"https:\/\/cabinetdiabetlugoj.ro\/index.php?rest_route=\/wp\/v2\/pages\/30","targetHints":{"allow":["GET"]}}],"collection":[{"href":"https:\/\/cabinetdiabetlugoj.ro\/index.php?rest_route=\/wp\/v2\/pages"}],"about":[{"href":"https:\/\/cabinetdiabetlugoj.ro\/index.php?rest_route=\/wp\/v2\/types\/page"}],"author":[{"embeddable":true,"href":"https:\/\/cabinetdiabetlugoj.ro\/index.php?rest_route=\/wp\/v2\/users\/1"}],"replies":[{"embeddable":true,"href":"https:\/\/cabinetdiabetlugoj.ro\/index.php?rest_route=%2Fwp%2Fv2%2Fcomments&post=30"}],"version-history":[{"count":8,"href":"https:\/\/cabinetdiabetlugoj.ro\/index.php?rest_route=\/wp\/v2\/pages\/30\/revisions"}],"predecessor-version":[{"id":84,"href":"https:\/\/cabinetdiabetlugoj.ro\/index.php?rest_route=\/wp\/v2\/pages\/30\/revisions\/84"}],"wp:attachment":[{"href":"https:\/\/cabinetdiabetlugoj.ro\/index.php?rest_route=%2Fwp%2Fv2%2Fmedia&parent=30"}],"curies":[{"name":"wp","href":"https:\/\/api.w.org\/{rel}","templated":true}]}}