{"id":45,"date":"2023-11-28T22:58:07","date_gmt":"2023-11-28T20:58:07","guid":{"rendered":"https:\/\/cabinetdiabetlugoj.ro\/?page_id=45"},"modified":"2025-10-20T15:29:55","modified_gmt":"2025-10-20T13:29:55","slug":"orar","status":"publish","type":"page","link":"https:\/\/cabinetdiabetlugoj.ro\/?page_id=45","title":{"rendered":"Orar"},"content":{"rendered":"\n<figure class=\"wp-block-table\"><table><tbody><tr><td>Luni<\/td><td>14:15\u201321:15<\/td><\/tr><tr><td>Mar\u021bi<\/td><td>14:15\u201321:15<\/td><\/tr><tr><td>Miercuri<\/td><td>14:15\u201321:15<\/td><\/tr><tr><td>Joi<\/td><td>14:15\u201321:15<\/td><\/tr><tr><td>Vineri<\/td><td>14:15\u201321:15<\/td><\/tr><tr><td>S\u00e2mb\u0103t\u0103<\/td><td>\u00cenchis<\/td><\/tr><tr><td>Duminic\u0103        <\/td><td>\u00cenchis<\/td><\/tr><\/tbody><\/table><\/figure>\n","protected":false},"excerpt":{"rendered":"<p>Luni 14:15\u201321:15 Mar\u021bi 14:15\u201321:15 Miercuri 14:15\u201321:15 Joi 14:15\u201321:15 Vineri 14:15\u201321:15 S\u00e2mb\u0103t\u0103 \u00cenchis Duminic\u0103 \u00cenchis<\/p>\n","protected":false},"author":1,"featured_media":0,"parent":0,"menu_order":0,"comment_status":"closed","ping_status":"closed","template":"","meta":{"footnotes":""},"class_list":["post-45","page","type-page","status-publish","hentry"],"_links":{"self":[{"href":"https:\/\/cabinetdiabetlugoj.ro\/index.php?rest_route=\/wp\/v2\/pages\/45","targetHints":{"allow":["GET"]}}],"collection":[{"href":"https:\/\/cabinetdiabetlugoj.ro\/index.php?rest_route=\/wp\/v2\/pages"}],"about":[{"href":"https:\/\/cabinetdiabetlugoj.ro\/index.php?rest_route=\/wp\/v2\/types\/page"}],"author":[{"embeddable":true,"href":"https:\/\/cabinetdiabetlugoj.ro\/index.php?rest_route=\/wp\/v2\/users\/1"}],"replies":[{"embeddable":true,"href":"https:\/\/cabinetdiabetlugoj.ro\/index.php?rest_route=%2Fwp%2Fv2%2Fcomments&post=45"}],"version-history":[{"count":3,"href":"https:\/\/cabinetdiabetlugoj.ro\/index.php?rest_route=\/wp\/v2\/pages\/45\/revisions"}],"predecessor-version":[{"id":82,"href":"https:\/\/cabinetdiabetlugoj.ro\/index.php?rest_route=\/wp\/v2\/pages\/45\/revisions\/82"}],"wp:attachment":[{"href":"https:\/\/cabinetdiabetlugoj.ro\/index.php?rest_route=%2Fwp%2Fv2%2Fmedia&parent=45"}],"curies":[{"name":"wp","href":"https:\/\/api.w.org\/{rel}","templated":true}]}}